{"id":28,"date":"2021-03-23T11:57:22","date_gmt":"2021-03-23T11:57:22","guid":{"rendered":"https:\/\/vitvs.de\/?page_id=28"},"modified":"2023-11-26T18:19:36","modified_gmt":"2023-11-26T18:19:36","slug":"speisekarte","status":"publish","type":"page","link":"https:\/\/vitvs.de\/?page_id=28","title":{"rendered":"Speisekarte"},"content":{"rendered":"<section class=\"av_textblock_section \"  itemscope=\"itemscope\" itemtype=\"https:\/\/schema.org\/CreativeWork\" ><div class='avia_textblock  '   itemprop=\"text\" ><h1><span style=\"font-size: 18pt;\"><strong>Unsere vielseitige Speisekarte\u00a0<\/strong><\/span><\/h1>\n<\/div><\/section>\n<div   class='hr hr-default   avia-builder-el-1  el_after_av_textblock  el_before_av_textblock '><span class='hr-inner ' ><span class='hr-inner-style'><\/span><\/span><\/div>\n<section class=\"av_textblock_section \"  itemscope=\"itemscope\" itemtype=\"https:\/\/schema.org\/CreativeWork\" ><div class='avia_textblock  '   itemprop=\"text\" ><p><span style=\"font-size: 18pt;\"><a href=\"https:\/\/vitvs.de\/?page_id=100\" data-type=\"page\" data-id=\"100\"><strong>F\u00fcr die Tageskarte, spezielle W\u00fcnsche und zum Bestellen rufen Sie uns bitte an<\/strong>.<\/a><\/span><\/p>\n<\/div><\/section>\n<div   class='hr hr-default   avia-builder-el-3  el_after_av_textblock  el_before_av_textblock '><span class='hr-inner ' ><span class='hr-inner-style'><\/span><\/span><\/div>\n<section class=\"av_textblock_section \"  itemscope=\"itemscope\" itemtype=\"https:\/\/schema.org\/CreativeWork\" ><div class='avia_textblock  '   itemprop=\"text\" ><h2>Vorspeisen<\/h2>\n<\/div><\/section>\n<div  class='av-catalogue-container   avia-builder-el-5  el_after_av_textblock  el_before_av_textblock '><ul class='av-catalogue-list'>\n<li><div class='av-catalogue-item'><div class='av-catalogue-item-inner'><div class='av-catalogue-title-container'><div class='av-catalogue-title'>Antipasti misti della casa (klein)<\/div><div class='av-catalogue-price'>\u20ac 15<\/div><\/div><div class=\"av-catalogue-content\"><\/div><\/div><\/div><\/li>\n<li><div class='av-catalogue-item'><div class='av-catalogue-item-inner'><div class='av-catalogue-title-container'><div class='av-catalogue-title'>Antipasti misti della casa gro\u00df<\/div><div class='av-catalogue-price'>\u20ac 26<\/div><\/div><div class=\"av-catalogue-content\"><\/div><\/div><\/div><\/li>\n<li><div class='av-catalogue-item'><div class='av-catalogue-item-inner'><div class='av-catalogue-title-container'><div class='av-catalogue-title'>Rindercarpaccio mit Rucola und Parmesan<\/div><div class='av-catalogue-price'>\u20ac 20<\/div><\/div><div class=\"av-catalogue-content\"><\/div><\/div><\/div><\/li>\n<li><div class='av-catalogue-item'><div class='av-catalogue-item-inner'><div class='av-catalogue-title-container'><div class='av-catalogue-title'>Schwertfischcarpaccio an Limetten Dressing dazu Zucchini Carpaccio mit Tr\u00fcffel\u00f6l<\/div><div class='av-catalogue-price'>\u20ac 20<\/div><\/div><div class=\"av-catalogue-content\"><\/div><\/div><\/div><\/li>\n<li><div class='av-catalogue-item'><div class='av-catalogue-item-inner'><div class='av-catalogue-title-container'><div class='av-catalogue-title'>Lachs Carpaccio an Limetten Minz Dressing<\/div><div class='av-catalogue-price'>\u20ac 19<\/div><\/div><div class=\"av-catalogue-content\"><\/div><\/div><\/div><\/li>\n<li><div class='av-catalogue-item'><div class='av-catalogue-item-inner'><div class='av-catalogue-title-container'><div class='av-catalogue-title'>Vitello Tonnato<\/div><div class='av-catalogue-price'>\u20ac 21<\/div><\/div><div class=\"av-catalogue-content\"><\/div><\/div><\/div><\/li>\n<li><div class='av-catalogue-item'><div class='av-catalogue-item-inner'><div class='av-catalogue-title-container'><div class='av-catalogue-title'>B\u00fcffelmozzarella mit Tomaten und Basilikum<\/div><div class='av-catalogue-price'>\u20ac 18<\/div><\/div><div class=\"av-catalogue-content\"><\/div><\/div><\/div><\/li>\n<li><div class='av-catalogue-item'><div class='av-catalogue-item-inner'><div class='av-catalogue-title-container'><div class='av-catalogue-title'>Meeresfr\u00fcchtesalat<\/div><div class='av-catalogue-price'>\u20ac 19<\/div><\/div><div class=\"av-catalogue-content\"><\/div><\/div><\/div><\/li>\n<li><div class='av-catalogue-item'><div class='av-catalogue-item-inner'><div class='av-catalogue-title-container'><div class='av-catalogue-title'>Gebratene Garnelen in Oliven\u00f6l, Knoblauch und Minze, dazu mit Parmesan und Petersilie gratinierte Tomaten<\/div><div class='av-catalogue-price'>\u20ac 18<\/div><\/div><div class=\"av-catalogue-content\"><\/div><\/div><\/div><\/li>\n<\/ul><\/div>\n<section class=\"av_textblock_section \"  itemscope=\"itemscope\" itemtype=\"https:\/\/schema.org\/CreativeWork\" ><div class='avia_textblock  '   itemprop=\"text\" ><h2><span style=\"font-size: 18pt;\">Nudelgerichte<\/span><\/h2>\n<\/div><\/section>\n<div  class='av-catalogue-container   avia-builder-el-7  el_after_av_textblock  el_before_av_textblock '><ul class='av-catalogue-list'>\n<li><div class='av-catalogue-item'><div class='av-catalogue-item-inner'><div class='av-catalogue-title-container'><div class='av-catalogue-title'>Spaghetti Aglio, Olio e Peperoncino<\/div><div class='av-catalogue-price'>\u20ac 15<\/div><\/div><div class=\"av-catalogue-content\"><\/div><\/div><\/div><\/li>\n<li><div class='av-catalogue-item'><div class='av-catalogue-item-inner'><div class='av-catalogue-title-container'><div class='av-catalogue-title'>Spaghetti Aglio, Olio e Peperoncino mit 2 Riesengarnelen<\/div><div class='av-catalogue-price'>\u20ac 25<\/div><\/div><div class=\"av-catalogue-content\"><\/div><\/div><\/div><\/li>\n<li><div class='av-catalogue-item'><div class='av-catalogue-item-inner'><div class='av-catalogue-title-container'><div class='av-catalogue-title'>Tagliatelle mit Gambas & frischen Tomaten und Knoblauch in Wei\u00dfweinsauce<\/div><div class='av-catalogue-price'>\u20ac22<\/div><\/div><div class=\"av-catalogue-content\"><\/div><\/div><\/div><\/li>\n<li><div class='av-catalogue-item'><div class='av-catalogue-item-inner'><div class='av-catalogue-title-container'><div class='av-catalogue-title'>Pennette con Rag\u00f9 di Salsiccia<\/div><div class='av-catalogue-price'>\u20ac 18<\/div><\/div><div class=\"av-catalogue-content\"><\/div><\/div><\/div><\/li>\n<li><div class='av-catalogue-item'><div class='av-catalogue-item-inner'><div class='av-catalogue-title-container'><div class='av-catalogue-title'>Pennette VITVS mit toskanischem Pfefferschinken, Rucola und Mascarpone-Sahne-Creme <\/div><div class='av-catalogue-price'>\u20ac 18<\/div><\/div><div class=\"av-catalogue-content\"><\/div><\/div><\/div><\/li>\n<li><div class='av-catalogue-item'><div class='av-catalogue-item-inner'><div class='av-catalogue-title-container'><div class='av-catalogue-title'>Panzerotti gef\u00fcllt mit Ricotta, Grana Padano und Tr\u00fcffel an Pernod-Safran-So\u00dfe<\/div><div class='av-catalogue-price'>\u20ac 20<\/div><\/div><div class=\"av-catalogue-content\"><\/div><\/div><\/div><\/li>\n<li><div class='av-catalogue-item'><div class='av-catalogue-item-inner'><div class='av-catalogue-title-container'><div class='av-catalogue-title'>Linguini mit Streifen von gebratenem Lachs und Fenchel an Pernod-Sahne-So\u00dfe<\/div><div class='av-catalogue-price'>\u20ac 22<\/div><\/div><div class=\"av-catalogue-content\"><\/div><\/div><\/div><\/li>\n<li><div class='av-catalogue-item'><div class='av-catalogue-item-inner'><div class='av-catalogue-title-container'><div class='av-catalogue-title'>Linguini mit Rumpsteakstreifen und Pilzen an Rotwein-Sahne-Sauce<\/div><div class='av-catalogue-price'>\u20ac 25<\/div><\/div><div class=\"av-catalogue-content\"><\/div><\/div><\/div><\/li>\n<li><div class='av-catalogue-item'><div class='av-catalogue-item-inner'><div class='av-catalogue-title-container'><div class='av-catalogue-title'>Nudeltaschen gef\u00fcllt mit Kastanien und Feigen in Cointreau-Orangensauce<\/div><div class='av-catalogue-price'>\u20ac20<\/div><\/div><div class=\"av-catalogue-content\"><\/div><\/div><\/div><\/li>\n<\/ul><\/div>\n<section class=\"av_textblock_section \"  itemscope=\"itemscope\" itemtype=\"https:\/\/schema.org\/CreativeWork\" ><div class='avia_textblock  '   itemprop=\"text\" ><h2><span style=\"font-size: 18pt;\">Fisch &#038; Fleisch<\/span><\/h2>\n<\/div><\/section>\n<div  class='av-catalogue-container   avia-builder-el-9  el_after_av_textblock  el_before_av_textblock '><ul class='av-catalogue-list'>\n<li><div class='av-catalogue-item'><div class='av-catalogue-item-inner'><div class='av-catalogue-title-container'><div class='av-catalogue-title'>Tagliata di Manzo - argentinisches Rumpsteak auf Rucola Bett,  dazu gegrillte Champignons, Rosmarinkartoffeln und Tr\u00fcffel\u00f6l<\/div><div class='av-catalogue-price'>\u20ac 30<\/div><\/div><div class=\"av-catalogue-content\"><\/div><\/div><\/div><\/li>\n<li><div class='av-catalogue-item'><div class='av-catalogue-item-inner'><div class='av-catalogue-title-container'><div class='av-catalogue-title'>Argentinisches Rumpsteak an gr\u00fcner-Pfeffer-So\u00dfe, dazu Kartoffel Vitvs und saisonales Gem\u00fcse<\/div><div class='av-catalogue-price'>\u20ac 30<\/div><\/div><div class=\"av-catalogue-content\"><\/div><\/div><\/div><\/li>\n<li><div class='av-catalogue-item'><div class='av-catalogue-item-inner'><div class='av-catalogue-title-container'><div class='av-catalogue-title'>Salsiccia alla Griglia, dazu Rosmarinkartoffeln und saisonales Gem\u00fcse<\/div><div class='av-catalogue-price'>\u20ac 24<\/div><\/div><div class=\"av-catalogue-content\"><\/div><\/div><\/div><\/li>\n<li><div class='av-catalogue-item'><div class='av-catalogue-item-inner'><div class='av-catalogue-title-container'><div class='av-catalogue-title'>Saltimbocca alla Romana, dazu Tagliatelle an Butter-Salbei-So\u00dfe<\/div><div class='av-catalogue-price'>\u20ac 28<\/div><\/div><div class=\"av-catalogue-content\"><\/div><\/div><\/div><\/li>\n<li><div class='av-catalogue-item'><div class='av-catalogue-item-inner'><div class='av-catalogue-title-container'><div class='av-catalogue-title'>Lachsfilet vom Grill, dazu Petersilienkartoffeln und Salat <\/div><div class='av-catalogue-price'>\u20ac 28<\/div><\/div><div class=\"av-catalogue-content\"><\/div><\/div><\/div><\/li>\n<li><div class='av-catalogue-item'><div class='av-catalogue-item-inner'><div class='av-catalogue-title-container'><div class='av-catalogue-title'>Zanderfilet in Butter und Minze gebraten mit Petersilienkartoffeln und Blattsalat<\/div><div class='av-catalogue-price'>\u20ac28<\/div><\/div><div class=\"av-catalogue-content\"><\/div><\/div><\/div><\/li>\n<li><div class='av-catalogue-item'><div class='av-catalogue-item-inner'><div class='av-catalogue-title-container'><div class='av-catalogue-title'>Gro\u00dfer gemischter Salat mit gebratenen Champignons, Zucchini und 3 Riesengarnelen vom Grill<\/div><div class='av-catalogue-price'>\u20ac 29<\/div><\/div><div class=\"av-catalogue-content\"><\/div><\/div><\/div><\/li>\n<li><div class='av-catalogue-item'><div class='av-catalogue-item-inner'><div class='av-catalogue-title-container'><div class='av-catalogue-title'>Gro\u00dfer gemischter Salat mit gegrillten Champignons, Zucchini und Rumpsteakstreifen vom Grill<\/div><div class='av-catalogue-price'>\u20ac 24<\/div><\/div><div class=\"av-catalogue-content\"><\/div><\/div><\/div><\/li>\n<\/ul><\/div>\n<section class=\"av_textblock_section \"  itemscope=\"itemscope\" itemtype=\"https:\/\/schema.org\/CreativeWork\" ><div class='avia_textblock  '   itemprop=\"text\" ><h2><span style=\"font-size: 18pt;\">Le Pizze (Pinsa Romana)\u00a0<\/span><\/h2>\n<p>nur Sonntag bis Donnerstag!<\/p>\n<\/div><\/section>\n<div  class='av-catalogue-container   avia-builder-el-11  el_after_av_textblock  el_before_av_textblock '><ul class='av-catalogue-list'>\n<li><div class='av-catalogue-item'><div class='av-catalogue-item-inner'><div class='av-catalogue-title-container'><div class='av-catalogue-title'>Pinsa Margherita - Tomatensauce, Mozzarella<\/div><div class='av-catalogue-price'>\u20ac 13<\/div><\/div><div class=\"av-catalogue-content\"><\/div><\/div><\/div><\/li>\n<li><div class='av-catalogue-item'><div class='av-catalogue-item-inner'><div class='av-catalogue-title-container'><div class='av-catalogue-title'>Pinsa Funghi e Cipola - Champignons, rot Zwiebeln <\/div><div class='av-catalogue-price'>\u20ac 14<\/div><\/div><div class=\"av-catalogue-content\"><\/div><\/div><\/div><\/li>\n<li><div class='av-catalogue-item'><div class='av-catalogue-item-inner'><div class='av-catalogue-title-container'><div class='av-catalogue-title'>Pinsa Vulcano - pikant Salami, rot Zwiebeln, Kapern, Peperoncino<\/div><div class='av-catalogue-price'>\u20ac 14<\/div><\/div><div class=\"av-catalogue-content\"><\/div><\/div><\/div><\/li>\n<li><div class='av-catalogue-item'><div class='av-catalogue-item-inner'><div class='av-catalogue-title-container'><div class='av-catalogue-title'>Pinsa VITVS - Parmaschinken, Champignons, Rucola<\/div><div class='av-catalogue-price'>\u20ac 15<\/div><\/div><div class=\"av-catalogue-content\"><\/div><\/div><\/div><\/li>\n<li><div class='av-catalogue-item'><div class='av-catalogue-item-inner'><div class='av-catalogue-title-container'><div class='av-catalogue-title'>Pinsa Tonno e Cipolla - Thunfisch und Zwiebel<\/div><div class='av-catalogue-price'>\u20ac 15<\/div><\/div><div class=\"av-catalogue-content\"><\/div><\/div><\/div><\/li>\n<li><div class='av-catalogue-item'><div class='av-catalogue-item-inner'><div class='av-catalogue-title-container'><div class='av-catalogue-title'>Pinsa Salsiccia - italienische Bratwurst, rote Zwiebeln <\/div><div class='av-catalogue-price'>\u20ac 16<\/div><\/div><div class=\"av-catalogue-content\"><\/div><\/div><\/div><\/li>\n<li><div class='av-catalogue-item'><div class='av-catalogue-item-inner'><div class='av-catalogue-title-container'><div class='av-catalogue-title'>Pinsa DaVinci \u2013 B\u00fcffelmozzarella, Basilikum und Rucola<\/div><div class='av-catalogue-price'>\u20ac 16<\/div><\/div><div class=\"av-catalogue-content\"><\/div><\/div><\/div><\/li>\n<\/ul><\/div>\n<section class=\"av_textblock_section \"  itemscope=\"itemscope\" itemtype=\"https:\/\/schema.org\/CreativeWork\" ><div class='avia_textblock  '   itemprop=\"text\" ><h2><span style=\"font-size: 18pt;\">Dessert<\/span><\/h2>\n<\/div><\/section>\n<div  class='av-catalogue-container   avia-builder-el-13  el_after_av_textblock  el_before_av_textblock '><ul class='av-catalogue-list'>\n<li><div class='av-catalogue-item'><div class='av-catalogue-item-inner'><div class='av-catalogue-title-container'><div class='av-catalogue-title'>Tiramisu<\/div><div class='av-catalogue-price'>\u20ac 9<\/div><\/div><div class=\"av-catalogue-content\"><\/div><\/div><\/div><\/li>\n<li><div class='av-catalogue-item'><div class='av-catalogue-item-inner'><div class='av-catalogue-title-container'><div class='av-catalogue-title'>Zitronensorbet <\/div><div class='av-catalogue-price'>\u20ac 9<\/div><\/div><div class=\"av-catalogue-content\"><\/div><\/div><\/div><\/li>\n<li><div class='av-catalogue-item'><div class='av-catalogue-item-inner'><div class='av-catalogue-title-container'><div class='av-catalogue-title'>Panna Cotta<\/div><div class='av-catalogue-price'>\u20ac 9<\/div><\/div><div class=\"av-catalogue-content\"><\/div><\/div><\/div><\/li>\n<li><div class='av-catalogue-item'><div class='av-catalogue-item-inner'><div class='av-catalogue-title-container'><div class='av-catalogue-title'>Schokoladensouffl\u00e9<\/div><div class='av-catalogue-price'>\u20ac 9<\/div><\/div><div class=\"av-catalogue-content\"><\/div><\/div><\/div><\/li>\n<li><div class='av-catalogue-item'><div class='av-catalogue-item-inner'><div class='av-catalogue-title-container'><div class='av-catalogue-title'>Zabaione<\/div><div class='av-catalogue-price'>\u20ac 10<\/div><\/div><div class=\"av-catalogue-content\"><\/div><\/div><\/div><\/li>\n<li><div class='av-catalogue-item'><div class='av-catalogue-item-inner'><div class='av-catalogue-title-container'><div class='av-catalogue-title'>Torroncino an Schokoladen-Sahne-So\u00dfe mit Cointreau<\/div><div class='av-catalogue-price'>\u20ac 10<\/div><\/div><div class=\"av-catalogue-content\"><\/div><\/div><\/div><\/li>\n<li><div class='av-catalogue-item'><div class='av-catalogue-item-inner'><div class='av-catalogue-title-container'><div class='av-catalogue-title'>Cassata an Baileys-Mascarpone-So\u00dfe<\/div><div class='av-catalogue-price'>\u20ac 10<\/div><\/div><div class=\"av-catalogue-content\"><\/div><\/div><\/div><\/li>\n<\/ul><\/div>\n<section class=\"av_textblock_section \"  itemscope=\"itemscope\" itemtype=\"https:\/\/schema.org\/CreativeWork\" ><div class='avia_textblock  '   itemprop=\"text\" ><p style=\"text-align: center;\"><span style=\"font-size: 18pt;\"><strong>Spezialit\u00e4ten<\/strong><\/span><\/p>\n<p><span style=\"font-size: 14pt;\">Sonntag &amp; Montag: <strong>Crespelle<\/strong><\/span><\/p>\n<p><span style=\"font-size: 14pt;\">Mittwoch &amp; Donnerstag : <strong>Kalbsschnitzel sizilianischer Art<\/strong><\/span><\/p>\n<p><span style=\"font-size: 14pt;\">Freitag: <strong>frische Kalbsleber<\/strong><\/span><\/p>\n<\/div><\/section>\n<div  class='av-horizontal-gallery av-horizontal-gallery-large-gap av-horizontal-gallery--effect av-horizontal-gallery-1  avia-builder-el-15  el_after_av_textblock  avia-builder-el-last  av-control-default '  itemprop=\"image\" itemscope=\"itemscope\" itemtype=\"https:\/\/schema.org\/ImageObject\"   ><div class='avia-slideshow-arrows avia-slideshow-controls'><a href='#prev' class='prev-slide av-horizontal-gallery-prev' aria-hidden='true' data-av_icon='\ue87c' data-av_iconfont='entypo-fontello'>Zur\u00fcck<\/a><a href='#next' class='next-slide av-horizontal-gallery-next' aria-hidden='true' data-av_icon='\ue87d' data-av_iconfont='entypo-fontello'>Weiter <\/a><\/div><div class='av-horizontal-gallery-inner' style='padding-bottom:25%' data-av-height='25'><div class='av-horizontal-gallery-slider'><div class='av-horizontal-gallery-wrap noHover'><img class='wp-image-178 avia-img-lazy-loading-not-178 av-horizontal-gallery-img' width=\"845\" height=\"684\" src=\"https:\/\/vitvs.de\/wp-content\/uploads\/2021\/03\/jakub-kapusnak-tEVisOXz26Y-unsplash-1-845x684.jpg\" title='jakub-kapusnak-tEVisOXz26Y-unsplash (1)' alt='' srcset=\"https:\/\/vitvs.de\/wp-content\/uploads\/2021\/03\/jakub-kapusnak-tEVisOXz26Y-unsplash-1-845x684.jpg 845w, https:\/\/vitvs.de\/wp-content\/uploads\/2021\/03\/jakub-kapusnak-tEVisOXz26Y-unsplash-1-495x400.jpg 495w\" sizes=\"(max-width: 845px) 100vw, 845px\" \/><a href='https:\/\/vitvs.de\/wp-content\/uploads\/2021\/03\/jakub-kapusnak-tEVisOXz26Y-unsplash-1-1030x687.jpg' class='av-horizontal-gallery-link' aria-hidden='true' data-av_icon='\ue869' data-av_iconfont='entypo-fontello' title='' alt=''><\/a><\/div><div class='av-horizontal-gallery-wrap noHover'><img class='wp-image-202 avia-img-lazy-loading-not-202 av-horizontal-gallery-img' width=\"845\" height=\"684\" src=\"https:\/\/vitvs.de\/wp-content\/uploads\/2021\/03\/nathan-dumlao-bRdRUUtbxO0-unsplash-845x684.jpg\" title='nathan-dumlao-bRdRUUtbxO0-unsplash' alt='' srcset=\"https:\/\/vitvs.de\/wp-content\/uploads\/2021\/03\/nathan-dumlao-bRdRUUtbxO0-unsplash-845x684.jpg 845w, https:\/\/vitvs.de\/wp-content\/uploads\/2021\/03\/nathan-dumlao-bRdRUUtbxO0-unsplash-495x400.jpg 495w\" sizes=\"(max-width: 845px) 100vw, 845px\" \/><a href='https:\/\/vitvs.de\/wp-content\/uploads\/2021\/03\/nathan-dumlao-bRdRUUtbxO0-unsplash-687x1030.jpg' class='av-horizontal-gallery-link' aria-hidden='true' data-av_icon='\ue869' data-av_iconfont='entypo-fontello' title='' alt=''><\/a><\/div><div class='av-horizontal-gallery-wrap noHover'><img class='wp-image-192 avia-img-lazy-loading-not-192 av-horizontal-gallery-img' width=\"845\" height=\"684\" src=\"https:\/\/vitvs.de\/wp-content\/uploads\/2021\/03\/jez-timms-DVRXFIH42d0-unsplash-845x684.jpg\" title='jez-timms-DVRXFIH42d0-unsplash' alt='' srcset=\"https:\/\/vitvs.de\/wp-content\/uploads\/2021\/03\/jez-timms-DVRXFIH42d0-unsplash-845x684.jpg 845w, https:\/\/vitvs.de\/wp-content\/uploads\/2021\/03\/jez-timms-DVRXFIH42d0-unsplash-495x400.jpg 495w\" sizes=\"(max-width: 845px) 100vw, 845px\" \/><a href='https:\/\/vitvs.de\/wp-content\/uploads\/2021\/03\/jez-timms-DVRXFIH42d0-unsplash-1030x688.jpg' class='av-horizontal-gallery-link' aria-hidden='true' data-av_icon='\ue869' data-av_iconfont='entypo-fontello' title='' alt=''><\/a><\/div><div class='av-horizontal-gallery-wrap noHover'><img class='wp-image-182 avia-img-lazy-loading-not-182 av-horizontal-gallery-img' width=\"845\" height=\"684\" src=\"https:\/\/vitvs.de\/wp-content\/uploads\/2021\/03\/gabriella-clare-marino-dQY1jZBJ49Q-unsplash-845x684.jpg\" title='gabriella-clare-marino-dQY1jZBJ49Q-unsplash' alt='' srcset=\"https:\/\/vitvs.de\/wp-content\/uploads\/2021\/03\/gabriella-clare-marino-dQY1jZBJ49Q-unsplash-845x684.jpg 845w, https:\/\/vitvs.de\/wp-content\/uploads\/2021\/03\/gabriella-clare-marino-dQY1jZBJ49Q-unsplash-495x400.jpg 495w\" sizes=\"(max-width: 845px) 100vw, 845px\" \/><a href='https:\/\/vitvs.de\/wp-content\/uploads\/2021\/03\/gabriella-clare-marino-dQY1jZBJ49Q-unsplash-687x1030.jpg' class='av-horizontal-gallery-link' aria-hidden='true' data-av_icon='\ue869' data-av_iconfont='entypo-fontello' title='' alt=''><\/a><\/div><div class='av-horizontal-gallery-wrap noHover'><img class='wp-image-194 avia-img-lazy-loading-not-194 av-horizontal-gallery-img' width=\"845\" height=\"684\" src=\"https:\/\/vitvs.de\/wp-content\/uploads\/2021\/03\/janine-joles-8nbY8W2YEE-unsplash-845x684.jpg\" title='janine-joles--8nbY8W2YEE-unsplash' alt='' srcset=\"https:\/\/vitvs.de\/wp-content\/uploads\/2021\/03\/janine-joles-8nbY8W2YEE-unsplash-845x684.jpg 845w, https:\/\/vitvs.de\/wp-content\/uploads\/2021\/03\/janine-joles-8nbY8W2YEE-unsplash-495x400.jpg 495w\" sizes=\"(max-width: 845px) 100vw, 845px\" \/><a href='https:\/\/vitvs.de\/wp-content\/uploads\/2021\/03\/janine-joles-8nbY8W2YEE-unsplash-690x1030.jpg' class='av-horizontal-gallery-link' aria-hidden='true' data-av_icon='\ue869' data-av_iconfont='entypo-fontello' title='' alt=''><\/a><\/div><div class='av-horizontal-gallery-wrap noHover'><img class='wp-image-193 avia-img-lazy-loading-not-193 av-horizontal-gallery-img' width=\"845\" height=\"684\" src=\"https:\/\/vitvs.de\/wp-content\/uploads\/2021\/03\/helena-yankovska-QXSvbDkiJmY-unsplash-845x684.jpg\" title='helena-yankovska-QXSvbDkiJmY-unsplash' alt='' srcset=\"https:\/\/vitvs.de\/wp-content\/uploads\/2021\/03\/helena-yankovska-QXSvbDkiJmY-unsplash-845x684.jpg 845w, https:\/\/vitvs.de\/wp-content\/uploads\/2021\/03\/helena-yankovska-QXSvbDkiJmY-unsplash-495x400.jpg 495w\" sizes=\"(max-width: 845px) 100vw, 845px\" \/><a href='https:\/\/vitvs.de\/wp-content\/uploads\/2021\/03\/helena-yankovska-QXSvbDkiJmY-unsplash-737x1030.jpg' class='av-horizontal-gallery-link' aria-hidden='true' data-av_icon='\ue869' data-av_iconfont='entypo-fontello' title='' alt=''><\/a><\/div><div class='av-horizontal-gallery-wrap noHover'><img class='wp-image-206 avia-img-lazy-loading-not-206 av-horizontal-gallery-img' width=\"845\" height=\"684\" src=\"https:\/\/vitvs.de\/wp-content\/uploads\/2021\/03\/jonathan-ocampo-iCgfwfqgdzo-unsplash-845x684.jpg\" title='jonathan-ocampo-iCgfwfqgdzo-unsplash' alt='' srcset=\"https:\/\/vitvs.de\/wp-content\/uploads\/2021\/03\/jonathan-ocampo-iCgfwfqgdzo-unsplash-845x684.jpg 845w, https:\/\/vitvs.de\/wp-content\/uploads\/2021\/03\/jonathan-ocampo-iCgfwfqgdzo-unsplash-495x400.jpg 495w\" sizes=\"(max-width: 845px) 100vw, 845px\" \/><a href='https:\/\/vitvs.de\/wp-content\/uploads\/2021\/03\/jonathan-ocampo-iCgfwfqgdzo-unsplash-824x1030.jpg' class='av-horizontal-gallery-link' aria-hidden='true' data-av_icon='\ue869' data-av_iconfont='entypo-fontello' title='' alt=''><\/a><\/div><\/div><\/div><\/div>\n","protected":false},"excerpt":{"rendered":"<p>Italienisches Essen: Hausgemachte Nudeln, leckere Pizza, knackige Salate, frischer Fisch und saftiges Fleisch. Bad Godesberg.<\/p>\n","protected":false},"author":1,"featured_media":0,"parent":0,"menu_order":2,"comment_status":"closed","ping_status":"closed","template":"","meta":[],"_links":{"self":[{"href":"https:\/\/vitvs.de\/index.php?rest_route=\/wp\/v2\/pages\/28"}],"collection":[{"href":"https:\/\/vitvs.de\/index.php?rest_route=\/wp\/v2\/pages"}],"about":[{"href":"https:\/\/vitvs.de\/index.php?rest_route=\/wp\/v2\/types\/page"}],"author":[{"embeddable":true,"href":"https:\/\/vitvs.de\/index.php?rest_route=\/wp\/v2\/users\/1"}],"replies":[{"embeddable":true,"href":"https:\/\/vitvs.de\/index.php?rest_route=%2Fwp%2Fv2%2Fcomments&post=28"}],"version-history":[{"count":34,"href":"https:\/\/vitvs.de\/index.php?rest_route=\/wp\/v2\/pages\/28\/revisions"}],"predecessor-version":[{"id":270,"href":"https:\/\/vitvs.de\/index.php?rest_route=\/wp\/v2\/pages\/28\/revisions\/270"}],"wp:attachment":[{"href":"https:\/\/vitvs.de\/index.php?rest_route=%2Fwp%2Fv2%2Fmedia&parent=28"}],"curies":[{"name":"wp","href":"https:\/\/api.w.org\/{rel}","templated":true}]}}