{"id":5,"date":"2021-03-23T11:05:37","date_gmt":"2021-03-23T11:05:37","guid":{"rendered":"https:\/\/vitvs.de\/?page_id=5"},"modified":"2023-12-17T12:00:23","modified_gmt":"2023-12-17T12:00:23","slug":"willkommen-auf-https-vitvs-de-2","status":"publish","type":"page","link":"https:\/\/vitvs.de\/","title":{"rendered":"Hostaria Vitus"},"content":{"rendered":"<section class=\"av_textblock_section \"  itemscope=\"itemscope\" itemtype=\"https:\/\/schema.org\/CreativeWork\" ><div class='avia_textblock  '   itemprop=\"text\" ><h1 style=\"text-align: center;\"><span style=\"font-size: 18pt;\"><strong>Das Restaurant Hostaria Vitus<\/strong><\/span><\/h1>\n<\/div><\/section>\n<div   class='hr hr-default   avia-builder-el-1  el_after_av_textblock  el_before_av_textblock '><span class='hr-inner ' ><span class='hr-inner-style'><\/span><\/span><\/div>\n<section class=\"av_textblock_section \"  itemscope=\"itemscope\" itemtype=\"https:\/\/schema.org\/CreativeWork\" ><div class='avia_textblock  '   itemprop=\"text\" ><p style=\"text-align: center;\"><span style=\"font-size: 14pt;\">Die Hostaria Vitus ist ein italienisches Restaurant im Herzen von Bonn-R\u00fcngsdorf, in dem Ihnen t\u00e4glich neu interpretierte italienische Speisen und die besten internationalen Weine in einer sorgf\u00e4ltig abgestimmten Atmosph\u00e4re serviert werden. <\/span><\/p>\n<p style=\"text-align: center;\"><span style=\"font-size: 14pt;\">In der Hostaria Vitus steht die mediterrane italienische K\u00fcche und das damit verbundene Lebensgef\u00fchl im Fokus.<\/span><\/p>\n<p style=\"text-align: center;\"><span style=\"font-size: 14pt;\"> Neben einer festen Karte legt das Team um Leonardo Raciti durch eine regelm\u00e4\u00dfig wechselnde Tageskarte besonderen Wert auf die Verwendung nachhaltiger, saisonaler Produkte der h\u00f6chsten Qualit\u00e4t. <\/span><\/p>\n<p style=\"text-align: center;\"><span style=\"font-size: 14pt;\">Einen Einblick in das kulinarische Angebot erhalten Sie in unserer <a href=\"https:\/\/vitvs.de\/?page_id=28\">Speisekarte<\/a>.<\/span><\/p>\n<\/div><\/section>\n<div   class='hr hr-default   avia-builder-el-3  el_after_av_textblock  el_before_av_textblock '><span class='hr-inner ' ><span class='hr-inner-style'><\/span><\/span><\/div>\n<section class=\"av_textblock_section \"  itemscope=\"itemscope\" itemtype=\"https:\/\/schema.org\/CreativeWork\" ><div class='avia_textblock  '   itemprop=\"text\" ><p style=\"text-align: center;\"><strong><span style=\"font-size: 18pt;\">Rufen Sie uns jetzt an:\u00a0<\/span><\/strong><\/p>\n<p style=\"text-align: center;\"><a href=\"tel:0228 6292775\"><strong><span style=\"font-size: 18pt;\">0228 6292775<\/span><\/strong><\/a><\/p>\n<\/div><\/section>\n<div   class='hr hr-default   avia-builder-el-5  el_after_av_textblock  el_before_av_one_full '><span class='hr-inner ' ><span class='hr-inner-style'><\/span><\/span><\/div>\n<div class=\"flex_column av_one_full  flex_column_div av-zero-column-padding first  avia-builder-el-6  el_after_av_hr  el_before_av_hr  \" style='border-radius:0px; '><div  class='avia-image-container  av-styling-  noHover  av-overlay-hover-deactivate   avia-builder-el-7  avia-builder-el-no-sibling  avia-align-center '  itemprop=\"image\" itemscope=\"itemscope\" itemtype=\"https:\/\/schema.org\/ImageObject\"  ><div class='avia-image-container-inner'><div class='avia-image-overlay-wrap'><div class='av-image-caption-overlay'><div class='av-caption-image-overlay-bg' style='opacity:0.4; background-color:#000000; '><\/div><div class='av-image-caption-overlay-position'><div class='av-image-caption-overlay-center' style='color:#ffffff; '><p>Leonardo Raciti<\/p>\n<\/div><\/div><\/div><img class='wp-image-43 avia-img-lazy-loading-not-43 avia_image' src=\"https:\/\/vitvs.de\/wp-content\/uploads\/2021\/03\/LeonardoBrighter-1-1030x688.jpeg\" alt='Inhaber (Leonardo Raciti)' title='LeonardoBrighter-1' height=\"688\" width=\"1030\"  itemprop=\"thumbnailUrl\" srcset=\"https:\/\/vitvs.de\/wp-content\/uploads\/2021\/03\/LeonardoBrighter-1-1030x688.jpeg 1030w, https:\/\/vitvs.de\/wp-content\/uploads\/2021\/03\/LeonardoBrighter-1-300x200.jpeg 300w, https:\/\/vitvs.de\/wp-content\/uploads\/2021\/03\/LeonardoBrighter-1-768x513.jpeg 768w, https:\/\/vitvs.de\/wp-content\/uploads\/2021\/03\/LeonardoBrighter-1-1536x1026.jpeg 1536w, https:\/\/vitvs.de\/wp-content\/uploads\/2021\/03\/LeonardoBrighter-1-2048x1368.jpeg 2048w, https:\/\/vitvs.de\/wp-content\/uploads\/2021\/03\/LeonardoBrighter-1-1500x1002.jpeg 1500w, https:\/\/vitvs.de\/wp-content\/uploads\/2021\/03\/LeonardoBrighter-1-705x471.jpeg 705w\" sizes=\"(max-width: 1030px) 100vw, 1030px\" \/><\/div><\/div><\/div><\/div>\n<div   class='hr hr-default   avia-builder-el-8  el_after_av_one_full  el_before_av_textblock '><span class='hr-inner ' ><span class='hr-inner-style'><\/span><\/span><\/div>\n<section class=\"av_textblock_section \"  itemscope=\"itemscope\" itemtype=\"https:\/\/schema.org\/CreativeWork\" ><div class='avia_textblock  '   itemprop=\"text\" ><p style=\"text-align: center;\"><span style=\"font-size: 18pt;\"><strong>Weihnachten<\/strong><\/span><\/p>\n<\/div><\/section>\n<div   class='hr hr-default   avia-builder-el-10  el_after_av_textblock  el_before_av_textblock '><span class='hr-inner ' ><span class='hr-inner-style'><\/span><\/span><\/div>\n<section class=\"av_textblock_section \"  itemscope=\"itemscope\" itemtype=\"https:\/\/schema.org\/CreativeWork\" ><div class='avia_textblock  '   itemprop=\"text\" ><p style=\"text-align: center;\"><strong><span style=\"font-size: large;\">Weihnachten &amp; Silvester<\/span><\/strong><\/p>\n<p style=\"text-align: center;\"><span style=\"font-size: large;\">Das <strong>Restaurant<\/strong> ist am 24.12. \/ 31.12. \/ 01.01. \/ 02.01. <strong>geschlossen<\/strong>.<\/span><\/p>\n<p style=\"text-align: center;\"><span style=\"font-size: 14pt;\">Gerne nehmen wir Ihre Reservierung <a href=\"tel: 02286292775\">telefonisch<\/a> entgegen. <\/span><\/p>\n<p style=\"text-align: center;\">\n<\/div><\/section>\n<div   class='hr hr-default   avia-builder-el-12  el_after_av_textblock  el_before_av_textblock '><span class='hr-inner ' ><span class='hr-inner-style'><\/span><\/span><\/div>\n<section class=\"av_textblock_section \"  itemscope=\"itemscope\" itemtype=\"https:\/\/schema.org\/CreativeWork\" ><div class='avia_textblock  '   itemprop=\"text\" ><h2 style=\"text-align: center;\"><span style=\"font-size: 18pt;\"><strong>Unser Team<\/strong><\/span><\/h2>\n<\/div><\/section>\n<div   class='hr hr-default   avia-builder-el-14  el_after_av_textblock  el_before_av_gallery '><span class='hr-inner ' ><span class='hr-inner-style'><\/span><\/span><\/div>\n<div  class='avia-gallery  avia-gallery-1 avia_lazyload avia-gallery-animate avia_animate_when_visible  avia-builder-el-15  el_after_av_hr  el_before_av_hr '  itemprop=\"image\" itemscope=\"itemscope\" itemtype=\"https:\/\/schema.org\/ImageObject\" ><div class='avia-gallery-thumb'> <a href='https:\/\/vitvs.de\/wp-content\/uploads\/2021\/03\/F6F2114B-DBD1-4830-BB14-EFC2764981C0-1030x806.png' data-rel='gallery-1' data-prev-img='https:\/\/vitvs.de\/wp-content\/uploads\/2021\/03\/F6F2114B-DBD1-4830-BB14-EFC2764981C0-495x400.png' class='first_thumb lightbox ' data-onclick='1' title='Samy'  itemprop=\"thumbnailUrl\"  ><img class=\"wp-image-50 avia-img-lazy-loading-not-50\"  data-avia-tooltip='Samy' src=\"https:\/\/vitvs.de\/wp-content\/uploads\/2021\/03\/F6F2114B-DBD1-4830-BB14-EFC2764981C0-495x400.png\" width=\"495\" height=\"400\"  title='F6F2114B-DBD1-4830-BB14-EFC2764981C0' alt='' srcset=\"https:\/\/vitvs.de\/wp-content\/uploads\/2021\/03\/F6F2114B-DBD1-4830-BB14-EFC2764981C0-495x400.png 495w, https:\/\/vitvs.de\/wp-content\/uploads\/2021\/03\/F6F2114B-DBD1-4830-BB14-EFC2764981C0-845x684.png 845w\" sizes=\"(max-width: 495px) 100vw, 495px\" \/><\/a> <a href='https:\/\/vitvs.de\/wp-content\/uploads\/2021\/03\/982B8A35-35D1-4AF4-AFB5-ED36079BB4F1-1030x806.png' data-rel='gallery-1' data-prev-img='https:\/\/vitvs.de\/wp-content\/uploads\/2021\/03\/982B8A35-35D1-4AF4-AFB5-ED36079BB4F1-495x400.png' class='lightbox ' data-onclick='2' title='Anna'  itemprop=\"thumbnailUrl\"  ><img class=\"wp-image-49 avia-img-lazy-loading-not-49\"  data-avia-tooltip='Anna' src=\"https:\/\/vitvs.de\/wp-content\/uploads\/2021\/03\/982B8A35-35D1-4AF4-AFB5-ED36079BB4F1-495x400.png\" width=\"495\" height=\"400\"  title='982B8A35-35D1-4AF4-AFB5-ED36079BB4F1' alt='' srcset=\"https:\/\/vitvs.de\/wp-content\/uploads\/2021\/03\/982B8A35-35D1-4AF4-AFB5-ED36079BB4F1-495x400.png 495w, https:\/\/vitvs.de\/wp-content\/uploads\/2021\/03\/982B8A35-35D1-4AF4-AFB5-ED36079BB4F1-845x684.png 845w\" sizes=\"(max-width: 495px) 100vw, 495px\" \/><\/a> <a href='https:\/\/vitvs.de\/wp-content\/uploads\/2021\/03\/21BCAAC2-B7CD-4E30-9781-5C4A67390CB3-1030x806.png' data-rel='gallery-1' data-prev-img='https:\/\/vitvs.de\/wp-content\/uploads\/2021\/03\/21BCAAC2-B7CD-4E30-9781-5C4A67390CB3-495x400.png' class='lightbox ' data-onclick='3' title='Liton'  itemprop=\"thumbnailUrl\"  ><img class=\"wp-image-47 avia-img-lazy-loading-not-47\"  data-avia-tooltip='Liton' src=\"https:\/\/vitvs.de\/wp-content\/uploads\/2021\/03\/21BCAAC2-B7CD-4E30-9781-5C4A67390CB3-495x400.png\" width=\"495\" height=\"400\"  title='21BCAAC2-B7CD-4E30-9781-5C4A67390CB3' alt='' srcset=\"https:\/\/vitvs.de\/wp-content\/uploads\/2021\/03\/21BCAAC2-B7CD-4E30-9781-5C4A67390CB3-495x400.png 495w, https:\/\/vitvs.de\/wp-content\/uploads\/2021\/03\/21BCAAC2-B7CD-4E30-9781-5C4A67390CB3-845x684.png 845w\" sizes=\"(max-width: 495px) 100vw, 495px\" \/><\/a> <a href='https:\/\/vitvs.de\/wp-content\/uploads\/2021\/03\/5771A494-4ADE-4FFB-BB67-F35ABDB3F692-1030x806.png' data-rel='gallery-1' data-prev-img='https:\/\/vitvs.de\/wp-content\/uploads\/2021\/03\/5771A494-4ADE-4FFB-BB67-F35ABDB3F692-495x400.png' class='lightbox ' data-onclick='4' title='Salvatore'  itemprop=\"thumbnailUrl\"  ><img class=\"wp-image-48 avia-img-lazy-loading-not-48\"  data-avia-tooltip='Salvatore' src=\"https:\/\/vitvs.de\/wp-content\/uploads\/2021\/03\/5771A494-4ADE-4FFB-BB67-F35ABDB3F692-495x400.png\" width=\"495\" height=\"400\"  title='5771A494-4ADE-4FFB-BB67-F35ABDB3F692' alt='' srcset=\"https:\/\/vitvs.de\/wp-content\/uploads\/2021\/03\/5771A494-4ADE-4FFB-BB67-F35ABDB3F692-495x400.png 495w, https:\/\/vitvs.de\/wp-content\/uploads\/2021\/03\/5771A494-4ADE-4FFB-BB67-F35ABDB3F692-845x684.png 845w\" sizes=\"(max-width: 495px) 100vw, 495px\" \/><\/a><\/div><\/div>\n<div   class='hr hr-default   avia-builder-el-16  el_after_av_gallery  el_before_av_textblock '><span class='hr-inner ' ><span class='hr-inner-style'><\/span><\/span><\/div>\n<section class=\"av_textblock_section \"  itemscope=\"itemscope\" itemtype=\"https:\/\/schema.org\/CreativeWork\" ><div class='avia_textblock  '   itemprop=\"text\" ><h2 style=\"text-align: center;\"><span style=\"font-size: 18pt;\"><strong>Rezensionen<\/strong><\/span><\/h2>\n<\/div><\/section>\n<div   class='hr hr-default   avia-builder-el-18  el_after_av_textblock  el_before_av_textblock '><span class='hr-inner ' ><span class='hr-inner-style'><\/span><\/span><\/div>\n<section class=\"av_textblock_section \"  itemscope=\"itemscope\" itemtype=\"https:\/\/schema.org\/CreativeWork\" ><div class='avia_textblock  '   itemprop=\"text\" ><p style=\"text-align: center;\"><span style=\"font-size: 14pt;\">&#8222;Gro\u00dfformatige Kunstwerke und am Abend ein Kerzenmeer. In der Hosteria Vitvs w\u00e4chst und ver\u00e4ndert sich st\u00e4ndig etwas. Das Kulinarische, das Ambiente und die Kunst werden stilvoll miteinander verbunden.&#8220; &#8211; General Anzeiger<\/span><\/p>\n<\/div><\/section>\n<div   data-autoplay='1'  data-interval='4'  data-animation='fade'  data-hoverpause='1'  class='avia-testimonial-wrapper avia-slider-testimonials avia-slider-2-testimonials avia_animate_when_almost_visible   '>\n<section class ='avia-testimonial-row'><div class='avia-testimonial av_one_half flex_column no_margin avia-testimonial-row-1 avia-first-testimonial' ><div class='avia-testimonial_inner'  itemscope=\"itemscope\" itemtype=\"https:\/\/schema.org\/CreativeWork\" ><div class='avia-testimonial-content '  ><div class='avia-testimonial-markup-entry-content'  itemprop=\"text\" ><p>Bester geheimtip Italiener. Chef Leo ist alte Schule und ein wahrer K\u00fcnstler im Sinne des Wortes. Die Pasta ist absolute Weltklasse.<\/p>\n<p>Ps: Die Terrasse im Sommer ist ein Traum.<\/p>\n<\/div><\/div><div class='avia-testimonial-meta'><div class='avia-testimonial-arrow-wrap'><div class='avia-arrow'><\/div><\/div><div class='avia-testimonial-meta-mini'  itemprop=\"author\" itemscope=\"itemscope\" itemtype=\"https:\/\/schema.org\/Person\" ><strong  class='avia-testimonial-name'    itemprop=\"name\" >Mehdi E. Zadeh<\/strong><\/div><\/div><\/div><\/div>\n<div class='avia-testimonial av_one_half flex_column no_margin avia-testimonial-row-1 ' ><div class='avia-testimonial_inner'  itemscope=\"itemscope\" itemtype=\"https:\/\/schema.org\/CreativeWork\" ><div class='avia-testimonial-content '  ><div class='avia-testimonial-markup-entry-content'  itemprop=\"text\" ><p>Wir haben exzellent gegessen und tollen Wein genossen. Leonardo und sein Team waren tolle Gastgeber. Wenn man einen besonderen Abend mit Freunden verbringen will, w\u00fcrde ich das Vitus jedem empfehlen. Die au\u00dfergew\u00f6hnliche Qualit\u00e4t des Zutaten kombiniert mit dem besonderen Ambiente hinterlassen einen bleibenden Eindruck. Vielen Dank und bis zum n\u00e4chsten Mal.<\/p>\n<\/div><\/div><div class='avia-testimonial-meta'><div class='avia-testimonial-arrow-wrap'><div class='avia-arrow'><\/div><\/div><div class='avia-testimonial-meta-mini'  itemprop=\"author\" itemscope=\"itemscope\" itemtype=\"https:\/\/schema.org\/Person\" ><strong  class='avia-testimonial-name'    itemprop=\"name\" >Sebastian Br\u00fcggemann<\/strong><\/div><\/div><\/div><\/div>\n<div class='avia-testimonial av_one_half flex_column no_margin avia-testimonial-row-1 ' ><div class='avia-testimonial_inner'  itemscope=\"itemscope\" itemtype=\"https:\/\/schema.org\/CreativeWork\" ><div class='avia-testimonial-content '  ><div class='avia-testimonial-markup-entry-content'  itemprop=\"text\" ><div class=\"jxjCjc\">\n<div>\n<div class=\"Jtu6Td\">Sehr geschmackvolles Essen bei tollem Ambiente.<\/div>\n<div class=\"hTt9T\"><\/div>\n<\/div>\n<\/div>\n<div class=\"GmO6pf\"><\/div>\n<\/div><\/div><div class='avia-testimonial-meta'><div class='avia-testimonial-arrow-wrap'><div class='avia-arrow'><\/div><\/div><div class='avia-testimonial-meta-mini'  itemprop=\"author\" itemscope=\"itemscope\" itemtype=\"https:\/\/schema.org\/Person\" ><strong  class='avia-testimonial-name'    itemprop=\"name\" >Lando Pietsch<\/strong><\/div><\/div><\/div><\/div>\n<div class='avia-testimonial av_one_half flex_column no_margin avia-testimonial-row-1 ' ><div class='avia-testimonial_inner'  itemscope=\"itemscope\" itemtype=\"https:\/\/schema.org\/CreativeWork\" ><div class='avia-testimonial-content '  ><div class='avia-testimonial-markup-entry-content'  itemprop=\"text\" ><p>Schneller und sehr guter Service, urgem\u00fctlich mit einem gewissen Extra. Das Essen ist auch sehr gut!<\/p>\n<\/div><\/div><div class='avia-testimonial-meta'><div class='avia-testimonial-arrow-wrap'><div class='avia-arrow'><\/div><\/div><div class='avia-testimonial-meta-mini'  itemprop=\"author\" itemscope=\"itemscope\" itemtype=\"https:\/\/schema.org\/Person\" ><strong  class='avia-testimonial-name'    itemprop=\"name\" >Kerry Stein<\/strong><\/div><\/div><\/div><\/div>\n<div class='avia-testimonial av_one_half flex_column no_margin avia-testimonial-row-1 ' ><div class='avia-testimonial_inner'  itemscope=\"itemscope\" itemtype=\"https:\/\/schema.org\/CreativeWork\" ><div class='avia-testimonial-content '  ><div class='avia-testimonial-markup-entry-content'  itemprop=\"text\" ><p>Individuelles Ambiente, man sitzt wunderbar ruhig drau\u00dfen und auch drinnen ist alles schick und Vintage. Speisen sind sehr lecker, Preise zwar nicht ganz g\u00fcnstig aber f\u00fcr die Qualit\u00e4t angemessen. Personal sehr nett und aufmerksam. je nach Tageszeit sollte man auf jeden Fall reservieren.<\/p>\n<\/div><\/div><div class='avia-testimonial-meta'><div class='avia-testimonial-arrow-wrap'><div class='avia-arrow'><\/div><\/div><div class='avia-testimonial-meta-mini'  itemprop=\"author\" itemscope=\"itemscope\" itemtype=\"https:\/\/schema.org\/Person\" ><strong  class='avia-testimonial-name'    itemprop=\"name\" >Claudia Steinmetz<\/strong><\/div><\/div><\/div><\/div>\n<div class='avia-testimonial av_one_half flex_column no_margin avia-testimonial-row-1 ' ><div class='avia-testimonial_inner'  itemscope=\"itemscope\" itemtype=\"https:\/\/schema.org\/CreativeWork\" ><div class='avia-testimonial-content '  ><div class='avia-testimonial-markup-entry-content'  itemprop=\"text\" ><p>Sehr tolles Ambiente, tolles Essen, kann ich sehr Empfehlen<\/p>\n<\/div><\/div><div class='avia-testimonial-meta'><div class='avia-testimonial-arrow-wrap'><div class='avia-arrow'><\/div><\/div><div class='avia-testimonial-meta-mini'  itemprop=\"author\" itemscope=\"itemscope\" itemtype=\"https:\/\/schema.org\/Person\" ><strong  class='avia-testimonial-name'    itemprop=\"name\" >Claudia Schut<\/strong><\/div><\/div><\/div><\/div>\n<div class='avia-testimonial av_one_half flex_column no_margin avia-testimonial-row-1 ' ><div class='avia-testimonial_inner'  itemscope=\"itemscope\" itemtype=\"https:\/\/schema.org\/CreativeWork\" ><div class='avia-testimonial-content '  ><div class='avia-testimonial-markup-entry-content'  itemprop=\"text\" ><p>Wie in Italien lecker essen &#8230;in einer tollen Ambiente ..nah am Rhein! Was will man mehr!<\/p>\n<\/div><\/div><div class='avia-testimonial-meta'><div class='avia-testimonial-arrow-wrap'><div class='avia-arrow'><\/div><\/div><div class='avia-testimonial-meta-mini'  itemprop=\"author\" itemscope=\"itemscope\" itemtype=\"https:\/\/schema.org\/Person\" ><strong  class='avia-testimonial-name'    itemprop=\"name\" >Maria Berbig<\/strong><\/div><\/div><\/div><\/div>\n<div class='avia-testimonial av_one_half flex_column no_margin avia-testimonial-row-1 ' ><div class='avia-testimonial_inner'  itemscope=\"itemscope\" itemtype=\"https:\/\/schema.org\/CreativeWork\" ><div class='avia-testimonial-content '  ><div class='avia-testimonial-markup-entry-content'  itemprop=\"text\" ><p>Sehr charmantes Restaurant. Stilvoll eingerichtet, zwischen romantisch und modern. Sowohl die Einrichtung, als auch das Essen traf unseren Geschmack voll! Freundliche Bedienung, die sich auch Zeit f\u00fcr Smalltalk nahm. Preise absolut angemessen.<\/p>\n<\/div><\/div><div class='avia-testimonial-meta'><div class='avia-testimonial-arrow-wrap'><div class='avia-arrow'><\/div><\/div><div class='avia-testimonial-meta-mini'  itemprop=\"author\" itemscope=\"itemscope\" itemtype=\"https:\/\/schema.org\/Person\" ><strong  class='avia-testimonial-name'    itemprop=\"name\" >Peter Buchmann<\/strong><\/div><\/div><\/div><\/div>\n<div class='avia-testimonial av_one_half flex_column no_margin avia-testimonial-row-1 ' ><div class='avia-testimonial_inner'  itemscope=\"itemscope\" itemtype=\"https:\/\/schema.org\/CreativeWork\" ><div class='avia-testimonial-content '  ><div class='avia-testimonial-markup-entry-content'  itemprop=\"text\" ><p>Sehr lecker, sehr h\u00fcbsches Restaurant und sehr nette Menschen im Service. Wir kommen bestimmt wieder!<\/p>\n<\/div><\/div><div class='avia-testimonial-meta'><div class='avia-testimonial-arrow-wrap'><div class='avia-arrow'><\/div><\/div><div class='avia-testimonial-meta-mini'  itemprop=\"author\" itemscope=\"itemscope\" itemtype=\"https:\/\/schema.org\/Person\" ><strong  class='avia-testimonial-name'    itemprop=\"name\" >Constanze Weiss<\/strong><\/div><\/div><\/div><\/div>\n<div class='avia-testimonial av_one_half flex_column no_margin avia-testimonial-row-1 ' ><div class='avia-testimonial_inner'  itemscope=\"itemscope\" itemtype=\"https:\/\/schema.org\/CreativeWork\" ><div class='avia-testimonial-content '  ><div class='avia-testimonial-markup-entry-content'  itemprop=\"text\" ><div class=\"jxjCjc\">\n<div>\n<div class=\"Jtu6Td\">Sehr sch\u00f6nes Ambiente, freundliches Personal und last but not least: leckeres Essen!<\/div>\n<div class=\"hTt9T\"><\/div>\n<\/div>\n<\/div>\n<div class=\"GmO6pf\"><\/div>\n<\/div><\/div><div class='avia-testimonial-meta'><div class='avia-testimonial-arrow-wrap'><div class='avia-arrow'><\/div><\/div><div class='avia-testimonial-meta-mini'  itemprop=\"author\" itemscope=\"itemscope\" itemtype=\"https:\/\/schema.org\/Person\" ><strong  class='avia-testimonial-name'    itemprop=\"name\" >Anna Heuer<\/strong><\/div><\/div><\/div><\/div>\n<div class='avia-testimonial av_one_half flex_column no_margin avia-testimonial-row-1 ' ><div class='avia-testimonial_inner'  itemscope=\"itemscope\" itemtype=\"https:\/\/schema.org\/CreativeWork\" ><div class='avia-testimonial-content '  ><div class='avia-testimonial-markup-entry-content'  itemprop=\"text\" ><p>Kunstgalerie &#038; Restaurant mit leckerem italienischen Essen. Gerne wieder!!!<\/p>\n<\/div><\/div><div class='avia-testimonial-meta'><div class='avia-testimonial-arrow-wrap'><div class='avia-arrow'><\/div><\/div><div class='avia-testimonial-meta-mini'  itemprop=\"author\" itemscope=\"itemscope\" itemtype=\"https:\/\/schema.org\/Person\" ><strong  class='avia-testimonial-name'    itemprop=\"name\" >Thomas Koch<\/strong><\/div><\/div><\/div><\/div>\n<\/section><\/div>\n<div   class='hr hr-default   avia-builder-el-21  el_after_av_testimonials  el_before_av_textblock '><span class='hr-inner ' ><span class='hr-inner-style'><\/span><\/span><\/div>\n<section class=\"av_textblock_section \"  itemscope=\"itemscope\" itemtype=\"https:\/\/schema.org\/CreativeWork\" ><div class='avia_textblock  '   itemprop=\"text\" ><h2 style=\"text-align: center;\"><span style=\"font-size: 18pt;\"><strong>Lage<\/strong><\/span><\/h2>\n<\/div><\/section>\n<div  class='av_gmaps_sc_main_wrap av_gmaps_main_wrap '><div id='av_gmap_0' class='avia-google-map-container avia-google-map-sc av_gmaps_show_unconditionally av-no-fallback-img ' data-mapid='av_gmap_0'  style='height: 400px;'><a class=\"av_gmaps_browser_disabled av_text_confirm_link av_text_confirm_link_visible\" href=\"https:\/\/www.google.com\/maps\/search\/?api=1&#038;query=Rheinstr.%2026%2053179%20Bonn%20NRW%20Deutschland\" target=\"_blank\" rel=\"noopener\">Aufgrund deiner Datenschutz-Einstellungen k\u00f6nnen wir Ihnen die Karte nicht anzeigen. Klicken Sie hier, um die Karte in einem neuen Fenster zu \u00f6ffnen.<\/a><\/div><\/div>\n","protected":false},"excerpt":{"rendered":"","protected":false},"author":1,"featured_media":0,"parent":0,"menu_order":1,"comment_status":"closed","ping_status":"closed","template":"","meta":[],"_links":{"self":[{"href":"https:\/\/vitvs.de\/index.php?rest_route=\/wp\/v2\/pages\/5"}],"collection":[{"href":"https:\/\/vitvs.de\/index.php?rest_route=\/wp\/v2\/pages"}],"about":[{"href":"https:\/\/vitvs.de\/index.php?rest_route=\/wp\/v2\/types\/page"}],"author":[{"embeddable":true,"href":"https:\/\/vitvs.de\/index.php?rest_route=\/wp\/v2\/users\/1"}],"replies":[{"embeddable":true,"href":"https:\/\/vitvs.de\/index.php?rest_route=%2Fwp%2Fv2%2Fcomments&post=5"}],"version-history":[{"count":53,"href":"https:\/\/vitvs.de\/index.php?rest_route=\/wp\/v2\/pages\/5\/revisions"}],"predecessor-version":[{"id":273,"href":"https:\/\/vitvs.de\/index.php?rest_route=\/wp\/v2\/pages\/5\/revisions\/273"}],"wp:attachment":[{"href":"https:\/\/vitvs.de\/index.php?rest_route=%2Fwp%2Fv2%2Fmedia&parent=5"}],"curies":[{"name":"wp","href":"https:\/\/api.w.org\/{rel}","templated":true}]}}